{"id":176,"date":"2020-11-04T14:39:49","date_gmt":"2020-11-04T14:39:49","guid":{"rendered":"http:\/\/together-work.com\/?page_id=176"},"modified":"2021-02-06T17:27:31","modified_gmt":"2021-02-06T17:27:31","slug":"impressum","status":"publish","type":"page","link":"http:\/\/together-work.com\/en\/impressum\/","title":{"rendered":"Impressum"},"content":{"rendered":"\n<h1>Impressum<\/h1>\n\n\n\n<h4>Responsible for the content: together-work.com<\/h4>\n\n\n\n<p>Head of Director: Henry Packroff<\/p>\n\n\n\n<p>Gro\u00dfenhainer Stra\u00dfe 1<br>01609 Gr\u00f6ditz<\/p>\n\n\n\n<p><\/p>\n\n\n\n<p>Telephone  : +49 35263-35001<br>Fax               : +49 35263-35002<br>E-Mail         :&nbsp;<a rel=\"noreferrer noopener\" href=\"http:\/\/together-work.com\/contact\" data-type=\"URL\" data-id=\"http:\/\/together-work.com\/contact\" target=\"_blank\">info@together-work.com<\/a><br>URL             :&nbsp;http:\/\/together-work.com\/<\/p>\n\n\n\n<p><a href=\"UstID: DE 166344811 Steuernummer: 209\/255\/06800\">VAT ID no.&nbsp;DE<\/a><\/p>\n","protected":false},"excerpt":{"rendered":"<p>Impressum Responsible for the content: together-work.com Head of Director: Henry Packroff Gro\u00dfenhainer Stra\u00dfe 101609 Gr\u00f6ditz Telephone : +49 35263-35001Fax : +49 35263-35002E-Mail :&nbsp;info@together-work.comURL :&nbsp;http:\/\/together-work.com\/ VAT ID no.&nbsp;DE<\/p>\n","protected":false},"author":1,"featured_media":0,"parent":0,"menu_order":0,"comment_status":"closed","ping_status":"closed","template":"","meta":[],"_links":{"self":[{"href":"http:\/\/together-work.com\/en\/wp-json\/wp\/v2\/pages\/176"}],"collection":[{"href":"http:\/\/together-work.com\/en\/wp-json\/wp\/v2\/pages"}],"about":[{"href":"http:\/\/together-work.com\/en\/wp-json\/wp\/v2\/types\/page"}],"author":[{"embeddable":true,"href":"http:\/\/together-work.com\/en\/wp-json\/wp\/v2\/users\/1"}],"replies":[{"embeddable":true,"href":"http:\/\/together-work.com\/en\/wp-json\/wp\/v2\/comments?post=176"}],"version-history":[{"count":11,"href":"http:\/\/together-work.com\/en\/wp-json\/wp\/v2\/pages\/176\/revisions"}],"predecessor-version":[{"id":301,"href":"http:\/\/together-work.com\/en\/wp-json\/wp\/v2\/pages\/176\/revisions\/301"}],"wp:attachment":[{"href":"http:\/\/together-work.com\/en\/wp-json\/wp\/v2\/media?parent=176"}],"curies":[{"name":"wp","href":"https:\/\/api.w.org\/{rel}","templated":true}]}}