{"id":45,"date":"2020-10-27T08:19:18","date_gmt":"2020-10-27T08:19:18","guid":{"rendered":"http:\/\/together-work.com\/?page_id=45"},"modified":"2021-02-06T17:59:45","modified_gmt":"2021-02-06T17:59:45","slug":"faq","status":"publish","type":"page","link":"http:\/\/together-work.com\/de\/faq\/","title":{"rendered":"FAQ"},"content":{"rendered":"[vc_row type=&#8221;full_width_background&#8221; full_screen_row_position=&#8221;middle&#8221; column_margin=&#8221;default&#8221; column_direction=&#8221;default&#8221; column_direction_tablet=&#8221;default&#8221; column_direction_phone=&#8221;default&#8221; bg_color=&#8221;#f7f7f7&#8243; scene_position=&#8221;center&#8221; top_padding=&#8221;100&#8243; bottom_padding=&#8221;100&#8243; text_color=&#8221;dark&#8221; text_align=&#8221;left&#8221; row_border_radius=&#8221;none&#8221; row_border_radius_applies=&#8221;bg&#8221; overlay_strength=&#8221;0.3&#8243; gradient_direction=&#8221;left_to_right&#8221; shape_divider_position=&#8221;bottom&#8221; bg_image_animation=&#8221;none&#8221;][vc_column column_padding=&#8221;no-extra-padding&#8221; column_padding_tablet=&#8221;inherit&#8221; column_padding_phone=&#8221;inherit&#8221; column_padding_position=&#8221;all&#8221; background_color_opacity=&#8221;1&#8243; background_hover_color_opacity=&#8221;1&#8243; column_shadow=&#8221;none&#8221; column_border_radius=&#8221;none&#8221; column_link_target=&#8221;_self&#8221; gradient_direction=&#8221;left_to_right&#8221; overlay_strength=&#8221;0.3&#8243; width=&#8221;1\/1&#8243; tablet_width_inherit=&#8221;default&#8221; tablet_text_alignment=&#8221;default&#8221; phone_text_alignment=&#8221;default&#8221; column_border_width=&#8221;none&#8221; column_border_style=&#8221;solid&#8221; bg_image_animation=&#8221;none&#8221;][vc_column_text]\n<h2>\u00dcber Ausbildung<\/h2>\n[\/vc_column_text][toggles style=&#8221;minimal&#8221;][toggle color=&#8221;Default&#8221; title=&#8221;&#8220;Was ist eine &#8216;Ausbildung&#8217;?&#8220;&#8221;][vc_column_text]Eine Ausbildung ist eine f\u00fcr verschiedene Berufe in Deutschland vorgeschriebene schulische und praktische Lehre, mit der Auszubildende eine dreij\u00e4hrige Berufsausbildung abschlie\u00dfen.[\/vc_column_text][\/toggle][toggle color=&#8221;Default&#8221; title=&#8221;&#8220;Was kann ich nach meiner Ausbildung machen?&#8220;&#8221;][vc_column_text]Nach erfolgreichem Abschluss einer Ausbildung sind Sie offiziell eine qualifizierte Fachkraft &#8211; und zwar eine staatlich anerkannte. Das erh\u00f6ht Ihre Chancen, in Deutschland zu leben und zu arbeiten, ganz gleich, ob Sie B\u00fcrger eines EU-Landes oder eines Nicht-EU-Landes sind.[\/vc_column_text][\/toggle][toggle color=&#8221;Default&#8221; title=&#8221;In welchen Berufen kann ich eine &#8220;Ausbildung&#8220; machen?&#8221;][vc_column_text]Es gibt \u00fcber 300 Berufe, in denen Sie eine Ausbildung absolvieren k\u00f6nnen &#8211; \u00fcber Restaurantfachleute, Gastronomen, Hotelfachleute und Krankenpfleger hinaus.[\/vc_column_text][\/toggle][toggle color=&#8221;Default&#8221; title=&#8221;Warum sollte ich eine Ausbildung machen?&#8221;][vc_column_text]Zus\u00e4tzlich zu den bereits genannten Gr\u00fcnden bietet eine Ausbildung folgendes:<\/p>\n<ul>\n<li>Kooperatives Lernen mit einem flie\u00dfenden \u00dcbergang zwischen Schule und Beruf<\/li>\n<li>Kostenfrei an staatlichen Schulen (an privaten Schulen k\u00f6nnen Studiengeb\u00fchren anfallen)<\/li>\n<li>Kann die Finanzierung fr\u00fchzeitig kl\u00e4ren (?)<\/li>\n<li>Hilft bei der direkten Bewerbung an Berufskollegs<\/li>\n<\/ul>\n[\/vc_column_text][\/toggle][toggle color=&#8221;Default&#8221; title=&#8221;Was sind die Voraussetzungen, um eine Ausbildung zu beginnen?&#8221;][vc_column_text]Wenn Sie nicht die deutsche Staatsb\u00fcrgerschaft besitzen, m\u00fcssen Sie folgende Voraussetzungen erf\u00fcllen, um eine Ausbildung beginnen zu k\u00f6nnen:<\/p>\n<ul>\n<li>Sie m\u00fcssen mindestens 18 Jahre alt sein<\/li>\n<li>Nachweis von Deutschkenntnissen mindestens auf B1-Niveau<\/li>\n<li>Abgeschlossene Schulausbildung auf dem Niveau der 9. Klasse oder h\u00f6her<\/li>\n<\/ul>\n[\/vc_column_text][\/toggle][\/toggles][vc_column_text css=&#8221;.vc_custom_1612632088068{margin-top: 80px !important;}&#8221;]\n<h2>Die notwendigen Schritte zur Erlangung eines Visums f\u00fcr den Beginn einer Ausbildung<\/h2>\n[\/vc_column_text][toggles style=&#8221;minimal&#8221;][toggle color=&#8221;Default&#8221; title=&#8221;Schritt Eins &#8211; Die Sprache&#8221;][vc_column_text]Ohne Deutschkenntnisse mit mindestens B1-Niveau k\u00f6nnen Sie das erforderliche Visum nicht beantragen. Sie k\u00f6nnen Pr\u00fcfungen beim Goethe-Institut, der Volkshochschule (VHS) oder \u00e4hnlichen Institutionen absolvieren, um die erforderlichen Sprachkenntnisse nachzuweisen.[\/vc_column_text][\/toggle][toggle color=&#8221;Default&#8221; title=&#8221;Schritt Zwei &#8211; Ein Unternehmen finden&#8221;][vc_column_text]Nachdem Sie nun nachweisen k\u00f6nnen, dass Sie \u00fcber die f\u00fcr eine Ausbildung notwendigen Deutschkenntnisse verf\u00fcgen, ist der n\u00e4chste Schritt, ein Unternehmen zu finden, das Sie f\u00fcr eine Ausbildung einstellt. Hierbei helfen wir Ihnen. Wir helfen Ihnen bei der Suche nach einem Ausbildungsbetrieb in der Region Ihrer Wahl und begleiten Sie durch den gesamten Prozess bis zu Ihrem Abschluss.[\/vc_column_text][\/toggle][toggle color=&#8221;Default&#8221; title=&#8221;Schritt Drei &#8211; Vorbereitung der notwendigen Unterlagen&#8221;][vc_column_text]Mit unserer Hilfe haben Sie die Unternehmen in den Bereichen gefunden, bei denen Sie sich bewerben m\u00f6chten. Nun m\u00fcssen Sie die folgenden Dokumente erstellen, um sowohl den Visumsantrag als auch Ihre Bewerbung bei dem Unternehmen, bei dem Sie sich bewerben m\u00f6chten, vorzubereiten:<\/p>\n<ul>\n<li>Motivationsschreiben &#8211; Hierin wird dargelegt, warum Sie sich f\u00fcr die Teilnahme an dem bestimmten Ausbildungsprogramm des Unternehmens interessieren und inwiefern Sie f\u00fcr das Programm geeignet sind.<\/li>\n<li>Lebenslauf &#8211; Vorzugsweise im europ\u00e4ischen Format verfasst.<\/li>\n<li>Nachweis Ihrer Sprachkenntnisse &#8211; Hier legen Sie das Zertifikat \u00fcber Ihre in Schritt Eins erworbenen Deutschkenntnisse vor.<\/li>\n<\/ul>\n[\/vc_column_text][\/toggle][toggle color=&#8221;Default&#8221; title=&#8221;Schritt Vier &#8211; Warten auf das Visum&#8221;][vc_column_text]Die Beantragung des Visums kann zwischen einem und drei Monaten dauern. Wir empfehlen Ihnen, alle ben\u00f6tigten Dokumente so fr\u00fch wie m\u00f6glich vorzubereiten. Sollte Ihre Ausbildung zum Beispiel im August oder September beginnen, sollten Sie alle Unterlagen vor M\u00e4rz vorbereiten, damit alles rechtzeitig fertig ist.[\/vc_column_text][\/toggle][\/toggles][\/vc_column][\/vc_row]\n","protected":false},"excerpt":{"rendered":"<p>[vc_row type=&#8221;full_width_background&#8221; full_screen_row_position=&#8221;middle&#8221; column_margin=&#8221;default&#8221; column_direction=&#8221;default&#8221; column_direction_tablet=&#8221;default&#8221; column_direction_phone=&#8221;default&#8221; bg_color=&#8221;#f7f7f7&#8243; scene_position=&#8221;center&#8221; top_padding=&#8221;100&#8243; bottom_padding=&#8221;100&#8243; text_color=&#8221;dark&#8221; text_align=&#8221;left&#8221; row_border_radius=&#8221;none&#8221; row_border_radius_applies=&#8221;bg&#8221; overlay_strength=&#8221;0.3&#8243; gradient_direction=&#8221;left_to_right&#8221; shape_divider_position=&#8221;bottom&#8221; bg_image_animation=&#8221;none&#8221;][vc_column column_padding=&#8221;no-extra-padding&#8221; column_padding_tablet=&#8221;inherit&#8221; column_padding_phone=&#8221;inherit&#8221; column_padding_position=&#8221;all&#8221; background_color_opacity=&#8221;1&#8243; background_hover_color_opacity=&#8221;1&#8243; column_shadow=&#8221;none&#8221; column_border_radius=&#8221;none&#8221; column_link_target=&#8221;_self&#8221; gradient_direction=&#8221;left_to_right&#8221; overlay_strength=&#8221;0.3&#8243;&#8230;<\/p>\n","protected":false},"author":1,"featured_media":0,"parent":0,"menu_order":0,"comment_status":"closed","ping_status":"closed","template":"","meta":[],"_links":{"self":[{"href":"http:\/\/together-work.com\/de\/wp-json\/wp\/v2\/pages\/45"}],"collection":[{"href":"http:\/\/together-work.com\/de\/wp-json\/wp\/v2\/pages"}],"about":[{"href":"http:\/\/together-work.com\/de\/wp-json\/wp\/v2\/types\/page"}],"author":[{"embeddable":true,"href":"http:\/\/together-work.com\/de\/wp-json\/wp\/v2\/users\/1"}],"replies":[{"embeddable":true,"href":"http:\/\/together-work.com\/de\/wp-json\/wp\/v2\/comments?post=45"}],"version-history":[{"count":10,"href":"http:\/\/together-work.com\/de\/wp-json\/wp\/v2\/pages\/45\/revisions"}],"predecessor-version":[{"id":300,"href":"http:\/\/together-work.com\/de\/wp-json\/wp\/v2\/pages\/45\/revisions\/300"}],"wp:attachment":[{"href":"http:\/\/together-work.com\/de\/wp-json\/wp\/v2\/media?parent=45"}],"curies":[{"name":"wp","href":"https:\/\/api.w.org\/{rel}","templated":true}]}}